{"id":475,"date":"2019-08-08T11:22:02","date_gmt":"2019-08-08T09:22:02","guid":{"rendered":"https:\/\/www.white-libelle.com\/white-libelle\/"},"modified":"2021-09-17T06:48:00","modified_gmt":"2021-09-17T04:48:00","slug":"white-libelle","status":"publish","type":"page","link":"https:\/\/www.white-libelle.com\/en\/","title":{"rendered":"WHITE LIBELLE"},"content":{"rendered":"<p>[et_pb_section fb_built=&#8221;1&#8243; custom_padding_last_edited=&#8221;on|phone&#8221; disabled_on=&#8221;on|on|off&#8221; _builder_version=&#8221;3.23.3&#8243; background_image=&#8221;https:\/\/www.white-libelle.com\/wp-content\/uploads\/2021\/09\/Karaffe-Gesundheit-und-Sch\u00f6nheit-Online-Shop-Website-2.png&#8221; width=&#8221;100%&#8221; max_width_phone=&#8221;100%&#8221; max_width_last_edited=&#8221;on|desktop&#8221; height=&#8221;900px&#8221; custom_margin=&#8221;0px||0px|||&#8221; custom_margin_last_edited=&#8221;on|phone&#8221; custom_padding=&#8221;0px||0px|||&#8221; custom_padding_tablet=&#8221;||600px&#8221; custom_padding_phone=&#8221;9px|0px|320px|0px||&#8221; background_last_edited=&#8221;on|desktop&#8221;][\/et_pb_section][et_pb_section fb_built=&#8221;1&#8243; custom_padding_last_edited=&#8221;on|phone&#8221; disabled_on=&#8221;off|off|on&#8221; _builder_version=&#8221;3.23.3&#8243; background_image=&#8221;https:\/\/www.white-libelle.com\/wp-content\/uploads\/2021\/09\/Karaffe-Gesundheit-und-Sch\u00f6nheit-Online-Shop-Website-2.png&#8221; width=&#8221;100%&#8221; max_width_phone=&#8221;100%&#8221; max_width_last_edited=&#8221;on|desktop&#8221; height=&#8221;843px&#8221; height_phone=&#8221;379px&#8221; height_last_edited=&#8221;on|phone&#8221; max_height=&#8221;1000px&#8221; custom_margin=&#8221;0px||0px|||&#8221; custom_margin_last_edited=&#8221;on|phone&#8221; custom_padding=&#8221;0px||0px|||&#8221; custom_padding_tablet=&#8221;||600px&#8221; custom_padding_phone=&#8221;9px|0px|320px|0px||&#8221; background_last_edited=&#8221;on|desktop&#8221;][\/et_pb_section][et_pb_section fb_built=&#8221;1&#8243; disabled_on=&#8221;on|on|off&#8221; admin_label=&#8221;section&#8221; _builder_version=&#8221;3.23.3&#8243; box_shadow_style=&#8221;preset6&#8243; custom_padding=&#8221;60px||59px|||&#8221;][et_pb_row custom_padding=&#8221;29px|||||&#8221; _builder_version=&#8221;3.23.3&#8243; max_width=&#8221;2560px&#8221;][et_pb_column type=&#8221;1_2&#8243; _builder_version=&#8221;3.23.3&#8243;][et_pb_image src=&#8221;https:\/\/whitelibelle.virtualcreation.de\/wp-content\/uploads\/2019\/06\/Fake-Laptop.jpg&#8221; _builder_version=&#8221;3.23.3&#8243; box_shadow_style=&#8221;preset6&#8243; box_shadow_position=&#8221;outer&#8221; custom_margin=&#8221;-19px|||||&#8221; custom_padding=&#8221;0px||0px|||&#8221; filter_contrast=&#8221;150%&#8221; filter_opacity=&#8221;65%&#8221;][\/et_pb_image][\/et_pb_column][et_pb_column type=&#8221;1_2&#8243; _builder_version=&#8221;3.23.3&#8243;][et_pb_text _builder_version=&#8221;3.23.3&#8243; custom_margin=&#8221;-16px|||||&#8221; custom_margin_phone=&#8221;0px|||&#8221; custom_margin_last_edited=&#8221;on|phone&#8221;]<\/p>\n<h2>About us<\/h2>\n<p>&nbsp;<\/p>\n<p><span style=\"font-size: medium;\">WHITE LIBELLE (PVT) LTD is a German-Sri Lankan company based in Unawatuna, on the southern coast of Sri Lanka.<\/span><\/p>\n<p><span style=\"font-size: medium;\">The company specializes in two areas.<\/span><\/p>\n<p><span style=\"font-size: medium;\">B ADVENTURE &#8211; Your Sri Lanka expert for round trips, day tours, weddings &amp; honeymoons<\/span><\/p>\n<p><span style=\"font-size: medium;\">B MARKETING &#8211; Your professional contact for online marketing &amp; design <\/span><\/p>\n<p><span style=\"font-size: medium;\">You can find out more about us, why the company specializes in the two different areas and how this fits together <a href=\"ueber-uns\">here.<\/a><\/span><\/p>\n<p>&nbsp;<\/p>\n<p>[\/et_pb_text][\/et_pb_column][\/et_pb_row][\/et_pb_section][et_pb_section fb_built=&#8221;1&#8243; disabled_on=&#8221;off|off|on&#8221; admin_label=&#8221;section&#8221; _builder_version=&#8221;3.23.3&#8243; box_shadow_style=&#8221;preset6&#8243; custom_padding=&#8221;60px||60px|||&#8221;][et_pb_row custom_margin=&#8221;|auto||190px||&#8221; _builder_version=&#8221;3.23.3&#8243; custom_margin_phone=&#8221;|||0px&#8221; custom_margin_last_edited=&#8221;on|phone&#8221;][et_pb_column type=&#8221;4_4&#8243; _builder_version=&#8221;3.23.3&#8243;][et_pb_text _builder_version=&#8221;3.23.3&#8243;]<\/p>\n<h2>About us<\/h2>\n<p>&nbsp;<\/p>\n<p>[\/et_pb_text][\/et_pb_column][\/et_pb_row][et_pb_row custom_padding=&#8221;29px|||||&#8221; _builder_version=&#8221;3.23.3&#8243; max_width=&#8221;2560px&#8221;][et_pb_column type=&#8221;1_2&#8243; _builder_version=&#8221;3.23.3&#8243;][et_pb_image src=&#8221;https:\/\/whitelibelle.virtualcreation.de\/wp-content\/uploads\/2019\/06\/Fake-Laptop.jpg&#8221; _builder_version=&#8221;3.23.3&#8243; box_shadow_style=&#8221;preset6&#8243; box_shadow_position=&#8221;outer&#8221; custom_margin=&#8221;-19px|||||&#8221; custom_padding=&#8221;0px||0px|||&#8221; filter_contrast=&#8221;150%&#8221; filter_opacity=&#8221;65%&#8221;][\/et_pb_image][\/et_pb_column][et_pb_column type=&#8221;1_2&#8243; _builder_version=&#8221;3.23.3&#8243;][et_pb_text _builder_version=&#8221;3.23.3&#8243; custom_margin=&#8221;-16px|||||&#8221; custom_margin_phone=&#8221;0px|||&#8221; custom_margin_last_edited=&#8221;on|phone&#8221;]<\/p>\n<p><span style=\"font-size: medium;\">WHITE LIBELLE (PVT) LTD is a German-Sri Lankan company based in Unawatuna, on the southern coast of Sri Lanka.<\/span><\/p>\n<p><span style=\"font-size: medium;\">The company specializes in two areas.<\/span><\/p>\n<p><span style=\"font-size: medium;\">B ADVENTURE &#8211; Your Sri Lanka expert for round trips, day tours, weddings &amp; honeymoons<\/span><\/p>\n<p><span style=\"font-size: medium;\">B MARKETING &#8211; Your professional contact for online marketing &amp; design <\/span><\/p>\n<p><span style=\"font-size: medium;\">You can find out more about us, why the company specializes in the two different areas and how this fits together <a href=\"ueber-uns\">here.<\/a><\/span><\/p>\n<p>&nbsp;<\/p>\n<p>[\/et_pb_text][\/et_pb_column][\/et_pb_row][\/et_pb_section][et_pb_section fb_built=&#8221;1&#8243; disabled_on=&#8221;off|off|off&#8221; _builder_version=&#8221;3.23.3&#8243; custom_margin=&#8221;-2px|||||&#8221; custom_padding=&#8221;50px||11px|||&#8221;][et_pb_row _builder_version=&#8221;3.23.3&#8243;][et_pb_column type=&#8221;4_4&#8243; _builder_version=&#8221;3.23.3&#8243;][et_pb_text _builder_version=&#8221;3.23.3&#8243;]<\/p>\n<h2>Our projects<\/h2>\n<p><span style=\"font-size: large;\">Here you will find an insight into our current projects<\/span><\/p>\n<p>[\/et_pb_text][\/et_pb_column][\/et_pb_row][et_pb_row custom_padding=&#8221;||0px|||&#8221; custom_margin=&#8221;|auto||||&#8221; make_equal=&#8221;on&#8221; _builder_version=&#8221;3.23.3&#8243; custom_margin_last_edited=&#8221;on|desktop&#8221; link_option_url=&#8221;https:\/\/white-libelle.com\/projects\/&#8221;][et_pb_column type=&#8221;1_2&#8243; _builder_version=&#8221;3.23.3&#8243;][et_pb_image src=&#8221;https:\/\/whitelibelle.virtualcreation.de\/wp-content\/uploads\/2019\/06\/Website.png&#8221; align_phone=&#8221;left&#8221; align_last_edited=&#8221;on|desktop&#8221; _builder_version=&#8221;3.23.3&#8243; width=&#8221;100%&#8221; custom_margin=&#8221;-40px||12px|-100px||&#8221; custom_margin_phone=&#8221;0px||0px|0px&#8221; custom_margin_last_edited=&#8221;on|desktop&#8221; custom_padding=&#8221;||0px|0px||&#8221;][\/et_pb_image][et_pb_text _builder_version=&#8221;3.23.3&#8243; width=&#8221;100%&#8221; width_phone=&#8221;100%&#8221; width_last_edited=&#8221;on|phone&#8221; max_width=&#8221;100%&#8221; custom_margin=&#8221;-18px|||-50px||&#8221; custom_margin_phone=&#8221;0px|||0px&#8221; custom_margin_last_edited=&#8221;on|desktop&#8221; custom_padding=&#8221;22px|||0px||&#8221;]<\/p>\n<h3 style=\"text-align: left;\"><span style=\"font-size: medium;\"><a href=\"https:\/\/white-libelle.com\/projects\">Conception, design and design<\/a><\/span><\/h3>\n<h3 style=\"text-align: left;\"><span style=\"font-size: medium;\"><a href=\"https:\/\/white-libelle.com\/projects\">of the website B ADVENTURE<\/a><\/span><\/h3>\n<p>[\/et_pb_text][\/et_pb_column][et_pb_column type=&#8221;1_2&#8243; _builder_version=&#8221;3.23.3&#8243;][et_pb_image src=&#8221;https:\/\/whitelibelle.virtualcreation.de\/wp-content\/uploads\/2019\/06\/Fotolia_271782927_Subscription_Monthly_M.jpg&#8221; align=&#8221;right&#8221; _builder_version=&#8221;3.23.3&#8243; width=&#8221;110%&#8221; custom_margin=&#8221;|-100px||-5px||&#8221; custom_margin_phone=&#8221;0px|0px|0px|-20px&#8221; custom_margin_last_edited=&#8221;on|phone&#8221; custom_padding=&#8221;0px|0px||||&#8221;][\/et_pb_image][et_pb_text _builder_version=&#8221;3.23.3&#8243; custom_margin=&#8221;|-100px||||&#8221; custom_margin_phone=&#8221;30px|0px||0px&#8221; custom_margin_last_edited=&#8221;on|phone&#8221; custom_padding=&#8221;|||0px||&#8221;]<\/p>\n<h3 style=\"text-align: left;\"><span style=\"font-size: medium;\"><a href=\"https:\/\/white-libelle.com\/projects\/\">Organisation, planning &amp; implementation A 4-week round trip incl. Beach wedding, for German guests<\/a><\/span><\/h3>\n<p><span style=\"font-size: medium;\"><a href=\"https:\/\/white-libelle.com\/projects\/\"> <\/a><\/span><\/p>\n<p>[\/et_pb_text][\/et_pb_column][\/et_pb_row][\/et_pb_section][et_pb_section fb_built=&#8221;1&#8243; _builder_version=&#8221;3.23.3&#8243; box_shadow_style=&#8221;preset6&#8243; custom_margin=&#8221;39px|||||&#8221;][et_pb_row custom_padding=&#8221;1px|||||&#8221; _builder_version=&#8221;3.23.3&#8243;][et_pb_column type=&#8221;4_4&#8243; _builder_version=&#8221;3.23.3&#8243;][et_pb_text _builder_version=&#8221;3.23.3&#8243;]<\/p>\n<h2>What we do<\/h2>\n<p><span size=\"4\" style=\"font-size: large;\">On the one hand, we offer tours &amp; day tours as well as weddings &amp; honeymoons in Sri Lanka through our brand B ADVENTURE, on the other hand we are your professional contact for online marketing and design with our brand B MARKETING.<\/span><\/p>\n<p>[\/et_pb_text][\/et_pb_column][\/et_pb_row][\/et_pb_section][et_pb_section fb_built=&#8221;1&#8243; _builder_version=&#8221;3.23.3&#8243; background_image=&#8221;https:\/\/whitelibelle.virtualcreation.de\/wp-content\/uploads\/2019\/06\/Fotolia_142808861_Subscription_Monthly_M.jpg&#8221; min_height=&#8221;592px&#8221; custom_margin=&#8221;-46px|||||&#8221; custom_padding=&#8221;3px||1px|||&#8221;][\/et_pb_section][et_pb_section fb_built=&#8221;1&#8243; _builder_version=&#8221;3.23.3&#8243; custom_padding=&#8221;43px|||||&#8221;][et_pb_row _builder_version=&#8221;3.23.3&#8243;][et_pb_column type=&#8221;4_4&#8243; _builder_version=&#8221;3.23.3&#8243;][et_pb_text _builder_version=&#8221;3.23.3&#8243;]<\/p>\n<h2>Services<\/h2>\n<p>[\/et_pb_text][\/et_pb_column][\/et_pb_row][et_pb_row custom_padding=&#8221;48px|||||&#8221; _builder_version=&#8221;3.23.3&#8243;][et_pb_column type=&#8221;1_3&#8243; _builder_version=&#8221;3.23.3&#8243;][et_pb_image src=&#8221;https:\/\/whitelibelle.virtualcreation.de\/wp-content\/uploads\/2019\/06\/Icon-Marketing3-1.png&#8221; url=&#8221;https:\/\/white-libelle.com\/b-marketing\/&#8221; align=&#8221;center&#8221; _builder_version=&#8221;3.23.3&#8243; width=&#8221;35%&#8221; custom_margin=&#8221;||29px|||&#8221;][\/et_pb_image][et_pb_text _builder_version=&#8221;3.23.3&#8243;]<\/p>\n<h3 style=\"text-align: center;\"><a href=\"https:\/\/white-libelle.com\/b-marketing\/\">Online marketing<\/a><\/h3>\n<p>[\/et_pb_text][\/et_pb_column][et_pb_column type=&#8221;1_3&#8243; _builder_version=&#8221;3.23.3&#8243;][et_pb_image src=&#8221;https:\/\/whitelibelle.virtualcreation.de\/wp-content\/uploads\/2019\/06\/Icon-Design2-1.png&#8221; url=&#8221;https:\/\/white-libelle.com\/b-marketing\/&#8221; align=&#8221;center&#8221; _builder_version=&#8221;3.23.3&#8243; width=&#8221;35%&#8221; custom_margin=&#8221;||24px|||&#8221; custom_padding=&#8221;0px||0px|||&#8221;][\/et_pb_image][et_pb_text _builder_version=&#8221;3.23.3&#8243;]<\/p>\n<h3 style=\"text-align: center;\"><a href=\"https:\/\/white-libelle.com\/b-marketing\/\">Design<\/a><\/h3>\n<p>[\/et_pb_text][\/et_pb_column][et_pb_column type=&#8221;1_3&#8243; _builder_version=&#8221;3.23.3&#8243;][et_pb_image src=&#8221;https:\/\/whitelibelle.virtualcreation.de\/wp-content\/uploads\/2019\/06\/Icon-Reisen2.png&#8221; url=&#8221;https:\/\/www.b-adventure-srilanka.com&#8221; url_new_window=&#8221;on&#8221; align=&#8221;center&#8221; _builder_version=&#8221;3.23.3&#8243; width=&#8221;35%&#8221; custom_margin=&#8221;||31px|||&#8221; custom_padding=&#8221;16px|||||&#8221;][\/et_pb_image][et_pb_text _builder_version=&#8221;3.23.3&#8243; link_option_url=&#8221;www.b-adventure-srilanka.com&#8221; link_option_url_new_window=&#8221;on&#8221;]<\/p>\n<h3 style=\"text-align: center;\">Travel<\/h3>\n<p>[\/et_pb_text][\/et_pb_column][\/et_pb_row][\/et_pb_section]<\/p>\n","protected":false},"excerpt":{"rendered":"<p>About us &nbsp; WHITE LIBELLE (PVT) LTD is a German-Sri Lankan company based in Unawatuna, on the southern coast of Sri Lanka. The company specializes in two areas. B ADVENTURE &#8211; Your Sri Lanka expert for round trips, day tours, weddings &amp; honeymoons B MARKETING &#8211; Your professional contact for online marketing &amp; design You [&hellip;]<\/p>\n","protected":false},"author":1,"featured_media":0,"parent":0,"menu_order":0,"comment_status":"closed","ping_status":"closed","template":"","meta":{"_et_pb_use_builder":"on","_et_pb_old_content":"<!-- wp:paragraph -->\n<p>Dies ist eine Beispiel-Seite. Sie unterscheidet sich von Beitr\u00e4gen, da sie stets an derselben Stelle bleibt und (bei den meisten Themes) in der Website-Navigation angezeigt wird. Die meisten starten mit einem Impressum, der Datenschutzerkl\u00e4rung oder einer &#8222;\u00dcber uns&#8220;-Seite, um sich m\u00f6glichen Besucher der Website vorzustellen. Dort k\u00f6nnte zum Beispiel stehen:<\/p>\n<!-- \/wp:paragraph -->\n\n<!-- wp:quote -->\n<blockquote class=\"wp-block-quote\"><p>Hallo! Ich bin tags\u00fcber im Kurierdienst t\u00e4tig, nachts widme ich mich der Schauspielkunst, und das ist meine Website. Ich lebe in einer Gro\u00dfstadt, habe einen tollen Hund und ich mag Getr\u00e4nke mit Schirmchen (aber nicht ohne Schirm im Regen zu stehen).<\/p><\/blockquote>\n<!-- \/wp:quote -->\n\n<!-- wp:paragraph -->\n<p>...oder so etwas wie das hier:<\/p>\n<!-- \/wp:paragraph -->\n\n<!-- wp:quote -->\n<blockquote class=\"wp-block-quote\"><p>Das Unternehmen XYZ wurde 1971 gegr\u00fcndet und versorgt die \u00d6ffentlichkeit seither mit qualitativ hochwertigen Produkten. An seinem Standort in einer kleinen Gro\u00dfstadt besch\u00e4ftigt der Betrieb \u00fcber 2.000 Menschen und unterst\u00fctzt die Stadtbewohner in vielfacher Hinsicht.<\/p><\/blockquote>\n<!-- \/wp:quote -->\n\n<!-- wp:paragraph -->\n<p>Als neuer WordPress-Benutzer solltest du dein <a href=\"https:\/\/whitelibelle.virtualcreation.de\/wp-admin\/\">Dashboard<\/a> aufrufen, um diese Seite zu l\u00f6schen und neue Seiten f\u00fcr deinen Inhalt zu erstellen. Viel Spa\u00df!<\/p>\n<!-- \/wp:paragraph -->","_et_gb_content_width":"","footnotes":""},"yoast_head":"<!-- This site is optimized with the Yoast SEO plugin v22.2 - https:\/\/yoast.com\/wordpress\/plugins\/seo\/ -->\n<title>WHITE LIBELLE - WHITE LIBELLE<\/title>\n<meta name=\"robots\" content=\"index, follow, max-snippet:-1, max-image-preview:large, max-video-preview:-1\" \/>\n<link rel=\"canonical\" href=\"https:\/\/www.white-libelle.com\/en\/\" \/>\n<meta property=\"og:locale\" content=\"en_US\" \/>\n<meta property=\"og:type\" content=\"article\" \/>\n<meta property=\"og:title\" content=\"WHITE LIBELLE - WHITE LIBELLE\" \/>\n<meta property=\"og:description\" content=\"About us &nbsp; WHITE LIBELLE (PVT) LTD is a German-Sri Lankan company based in Unawatuna, on the southern coast of Sri Lanka. The company specializes in two areas. B ADVENTURE - Your Sri Lanka expert for round trips, day tours, weddings &amp; honeymoons B MARKETING - Your professional contact for online marketing &amp; design You [&hellip;]\" \/>\n<meta property=\"og:url\" content=\"https:\/\/www.white-libelle.com\/en\/\" \/>\n<meta property=\"og:site_name\" content=\"WHITE LIBELLE\" \/>\n<meta property=\"article:modified_time\" content=\"2021-09-17T04:48:00+00:00\" \/>\n<meta name=\"twitter:card\" content=\"summary_large_image\" \/>\n<meta name=\"twitter:label1\" content=\"Est. reading time\" \/>\n\t<meta name=\"twitter:data1\" content=\"6 minutes\" \/>\n<script type=\"application\/ld+json\" class=\"yoast-schema-graph\">{\"@context\":\"https:\/\/schema.org\",\"@graph\":[{\"@type\":\"WebPage\",\"@id\":\"https:\/\/www.white-libelle.com\/en\/\",\"url\":\"https:\/\/www.white-libelle.com\/en\/\",\"name\":\"WHITE LIBELLE - WHITE LIBELLE\",\"isPartOf\":{\"@id\":\"https:\/\/www.white-libelle.com\/en\/#website\"},\"datePublished\":\"2019-08-08T09:22:02+00:00\",\"dateModified\":\"2021-09-17T04:48:00+00:00\",\"breadcrumb\":{\"@id\":\"https:\/\/www.white-libelle.com\/en\/#breadcrumb\"},\"inLanguage\":\"en-US\",\"potentialAction\":[{\"@type\":\"ReadAction\",\"target\":[\"https:\/\/www.white-libelle.com\/en\/\"]}]},{\"@type\":\"BreadcrumbList\",\"@id\":\"https:\/\/www.white-libelle.com\/en\/#breadcrumb\",\"itemListElement\":[{\"@type\":\"ListItem\",\"position\":1,\"name\":\"Startseite\",\"item\":\"https:\/\/www.white-libelle.com\/en\/\"},{\"@type\":\"ListItem\",\"position\":2,\"name\":\"WHITE LIBELLE\"}]},{\"@type\":\"WebSite\",\"@id\":\"https:\/\/www.white-libelle.com\/en\/#website\",\"url\":\"https:\/\/www.white-libelle.com\/en\/\",\"name\":\"WHITE LIBELLE\",\"description\":\"Onlinemarketing, Virtuelle Assistenz und Reisen\",\"potentialAction\":[{\"@type\":\"SearchAction\",\"target\":{\"@type\":\"EntryPoint\",\"urlTemplate\":\"https:\/\/www.white-libelle.com\/en\/?s={search_term_string}\"},\"query-input\":\"required name=search_term_string\"}],\"inLanguage\":\"en-US\"}]}<\/script>\n<!-- \/ Yoast SEO plugin. -->","yoast_head_json":{"title":"WHITE LIBELLE - WHITE LIBELLE","robots":{"index":"index","follow":"follow","max-snippet":"max-snippet:-1","max-image-preview":"max-image-preview:large","max-video-preview":"max-video-preview:-1"},"canonical":"https:\/\/www.white-libelle.com\/en\/","og_locale":"en_US","og_type":"article","og_title":"WHITE LIBELLE - WHITE LIBELLE","og_description":"About us &nbsp; WHITE LIBELLE (PVT) LTD is a German-Sri Lankan company based in Unawatuna, on the southern coast of Sri Lanka. The company specializes in two areas. B ADVENTURE - Your Sri Lanka expert for round trips, day tours, weddings &amp; honeymoons B MARKETING - Your professional contact for online marketing &amp; design You [&hellip;]","og_url":"https:\/\/www.white-libelle.com\/en\/","og_site_name":"WHITE LIBELLE","article_modified_time":"2021-09-17T04:48:00+00:00","twitter_card":"summary_large_image","twitter_misc":{"Est. reading time":"6 minutes"},"schema":{"@context":"https:\/\/schema.org","@graph":[{"@type":"WebPage","@id":"https:\/\/www.white-libelle.com\/en\/","url":"https:\/\/www.white-libelle.com\/en\/","name":"WHITE LIBELLE - WHITE LIBELLE","isPartOf":{"@id":"https:\/\/www.white-libelle.com\/en\/#website"},"datePublished":"2019-08-08T09:22:02+00:00","dateModified":"2021-09-17T04:48:00+00:00","breadcrumb":{"@id":"https:\/\/www.white-libelle.com\/en\/#breadcrumb"},"inLanguage":"en-US","potentialAction":[{"@type":"ReadAction","target":["https:\/\/www.white-libelle.com\/en\/"]}]},{"@type":"BreadcrumbList","@id":"https:\/\/www.white-libelle.com\/en\/#breadcrumb","itemListElement":[{"@type":"ListItem","position":1,"name":"Startseite","item":"https:\/\/www.white-libelle.com\/en\/"},{"@type":"ListItem","position":2,"name":"WHITE LIBELLE"}]},{"@type":"WebSite","@id":"https:\/\/www.white-libelle.com\/en\/#website","url":"https:\/\/www.white-libelle.com\/en\/","name":"WHITE LIBELLE","description":"Onlinemarketing, Virtuelle Assistenz und Reisen","potentialAction":[{"@type":"SearchAction","target":{"@type":"EntryPoint","urlTemplate":"https:\/\/www.white-libelle.com\/en\/?s={search_term_string}"},"query-input":"required name=search_term_string"}],"inLanguage":"en-US"}]}},"_links":{"self":[{"href":"https:\/\/www.white-libelle.com\/en\/wp-json\/wp\/v2\/pages\/475"}],"collection":[{"href":"https:\/\/www.white-libelle.com\/en\/wp-json\/wp\/v2\/pages"}],"about":[{"href":"https:\/\/www.white-libelle.com\/en\/wp-json\/wp\/v2\/types\/page"}],"author":[{"embeddable":true,"href":"https:\/\/www.white-libelle.com\/en\/wp-json\/wp\/v2\/users\/1"}],"replies":[{"embeddable":true,"href":"https:\/\/www.white-libelle.com\/en\/wp-json\/wp\/v2\/comments?post=475"}],"version-history":[{"count":13,"href":"https:\/\/www.white-libelle.com\/en\/wp-json\/wp\/v2\/pages\/475\/revisions"}],"predecessor-version":[{"id":717,"href":"https:\/\/www.white-libelle.com\/en\/wp-json\/wp\/v2\/pages\/475\/revisions\/717"}],"wp:attachment":[{"href":"https:\/\/www.white-libelle.com\/en\/wp-json\/wp\/v2\/media?parent=475"}],"curies":[{"name":"wp","href":"https:\/\/api.w.org\/{rel}","templated":true}]}}